{"id":1602,"date":"2024-04-22T20:20:09","date_gmt":"2024-04-23T01:20:09","guid":{"rendered":"https:\/\/gruasperezgpsas.com\/?page_id=1602"},"modified":"2024-04-23T07:12:32","modified_gmt":"2024-04-23T12:12:32","slug":"blog","status":"publish","type":"page","link":"https:\/\/gruasperezgpsas.com\/index.php\/blog\/","title":{"rendered":"Blog"},"content":{"rendered":"\t\t<div data-elementor-type=\"wp-page\" data-elementor-id=\"1602\" class=\"elementor elementor-1602\">\n\t\t\t\t<div class=\"elementor-element elementor-element-0b240d8 e-grid e-con-boxed e-con e-parent\" data-id=\"0b240d8\" data-element_type=\"container\" data-e-type=\"container\" data-settings=\"{&quot;background_background&quot;:&quot;classic&quot;,&quot;position&quot;:&quot;fixed&quot;}\">\n\t\t\t\t\t<div class=\"e-con-inner\">\n\t\t\t\t<div class=\"elementor-element elementor-element-6bc308d elementor-widget elementor-widget-image\" data-id=\"6bc308d\" data-element_type=\"widget\" data-e-type=\"widget\" data-widget_type=\"image.default\">\n\t\t\t\t<div class=\"elementor-widget-container\">\n\t\t\t\t\t\t\t\t\t\t\t\t\t\t\t\t<a href=\"https:\/\/gruasperezgpsas.com\/\">\n\t\t\t\t\t\t\t<img decoding=\"async\" src=\"https:\/\/gruasperezgpsas.com\/wp-content\/uploads\/elementor\/thumbs\/Logo-gruas-perez_negro_reborde_2-qly96aixzo22ev71cjikc0ulz0obzi11nqqlhutm74.webp\" title=\"Logo-gruas-perez-negro-reborde_2\" alt=\"Logo Gr\u00faas P\u00e9rez\" loading=\"lazy\" \/>\t\t\t\t\t\t\t\t<\/a>\n\t\t\t\t\t\t\t\t\t\t\t\t\t\t\t<\/div>\n\t\t\t\t<\/div>\n\t\t\t\t<div class=\"elementor-element elementor-element-b601850 premium-nav-slide-left premium-ham-slide premium-nav-hor premium-slide-auto elementor-widget elementor-widget-premium-nav-menu\" data-id=\"b601850\" data-element_type=\"widget\" data-e-type=\"widget\" data-settings=\"{&quot;submenu_icon&quot;:{&quot;value&quot;:&quot;fas fa-angle-down&quot;,&quot;library&quot;:&quot;fa-solid&quot;},&quot;submenu_item_icon&quot;:{&quot;value&quot;:&quot;&quot;,&quot;library&quot;:&quot;&quot;}}\" data-widget_type=\"premium-nav-menu.default\">\n\t\t\t\t<div class=\"elementor-widget-container\">\n\t\t\t\t\t\t\t<div data-settings=\"{&quot;breakpoint&quot;:1024,&quot;mobileLayout&quot;:&quot;slide&quot;,&quot;mainLayout&quot;:&quot;hor&quot;,&quot;stretchDropdown&quot;:false,&quot;hoverEffect&quot;:&quot;expand&quot;,&quot;submenuEvent&quot;:&quot;hover&quot;,&quot;submenuTrigger&quot;:&quot;item&quot;,&quot;closeAfterClick&quot;:false,&quot;renderMobileMenu&quot;:true}\" class=\"premium-nav-widget-container premium-nav-pointer-background premium-nav-animation-fade\" style=\"visibility:hidden; opacity:0;\">\n\t\t\t<div class=\"premium-ver-inner-container\">\n\t\t\t\t\t\t\t\t\t<div class=\"premium-hamburger-toggle premium-mobile-menu-icon\" role=\"button\" aria-label=\"Toggle Menu\">\n\t\t\t\t\t\t<span class=\"premium-toggle-text\">\n\t\t\t\t\t\t\t<i aria-hidden=\"true\" class=\"fas fa-bars\"><\/i>Men\u00fa\t\t\t\t\t\t<\/span>\n\t\t\t\t\t\t<span class=\"premium-toggle-close\">\n\t\t\t\t\t\t\t<i aria-hidden=\"true\" class=\"fas fa-times\"><\/i>\t\t\t\t\t\t<\/span>\n\t\t\t\t\t<\/div>\n\t\t\t\t\t\t\t\t\t\t\t<div class=\"premium-nav-menu-container premium-nav-default\">\n\t\t\t\t\t\t\t<ul id=\"menu-primary-menu\" class=\"premium-nav-menu premium-main-nav-menu\"><li id=\"premium-nav-menu-item-1640\" class=\"menu-item menu-item-type-post_type menu-item-object-page menu-item-home premium-nav-menu-item\"><a href=\"https:\/\/gruasperezgpsas.com\/\" class=\"premium-menu-link premium-menu-link-parent premium-lq__none\">Inicio<\/a><\/li>\n<li id=\"premium-nav-menu-item-47\" class=\"menu-item menu-item-type-post_type menu-item-object-page menu-item-has-children premium-nav-menu-item\"><a href=\"https:\/\/gruasperezgpsas.com\/index.php\/our-services\/\" class=\"premium-menu-link premium-menu-link-parent premium-lq__none\">Nuestros servicios<i class=\"fas fa-angle-down premium-dropdown-icon\"><\/i><\/a>\n<ul class=\"premium-sub-menu premium-lq__none\">\n\t<li id=\"premium-nav-menu-item-667\" class=\"menu-item menu-item-type-post_type menu-item-object-page premium-nav-menu-item premium-sub-menu-item\"><a href=\"https:\/\/gruasperezgpsas.com\/index.php\/fabricacion-de-gruas-2\/\" class=\"premium-menu-link premium-sub-menu-link\"><i class=\"fa fa-circle premium-sub-item-icon\" style=\"color:#e37f29\"><\/i>Fabricaci\u00f3n de gr\u00faas<\/a><\/li>\n\t<li id=\"premium-nav-menu-item-735\" class=\"menu-item menu-item-type-post_type menu-item-object-page menu-item-has-children premium-nav-menu-item premium-sub-menu-item\"><a href=\"https:\/\/gruasperezgpsas.com\/index.php\/transporte-de-vehiculos\/\" class=\"premium-menu-link premium-sub-menu-link\"><i class=\"fa fa-circle premium-sub-item-icon\" style=\"color:#ef7f29\"><\/i>Transporte de veh\u00edculos<i class=\"fas fa-angle-right premium-dropdown-icon\"><\/i><\/a>\n\t<ul class=\"premium-sub-menu premium-lq__none\">\n\t\t<li id=\"premium-nav-menu-item-1198\" class=\"menu-item menu-item-type-post_type menu-item-object-page premium-nav-menu-item premium-sub-menu-item\"><a href=\"https:\/\/gruasperezgpsas.com\/index.php\/transporte-nuevos-usados\/\" class=\"premium-menu-link premium-sub-menu-link\"><i class=\"dashicons dashicons-marker premium-sub-item-icon\" style=\"color:#ef7f29\"><\/i>Transporte veh\u00edculos nuevos y usados<\/a><\/li>\n\t\t<li id=\"premium-nav-menu-item-1288\" class=\"menu-item menu-item-type-post_type menu-item-object-page premium-nav-menu-item premium-sub-menu-item\"><a href=\"https:\/\/gruasperezgpsas.com\/index.php\/transporte-grua-tipo-pluma-con-underlift\/\" class=\"premium-menu-link premium-sub-menu-link\"><i class=\"dashicons dashicons-marker premium-sub-item-icon\" style=\"color:#ef7f29\"><\/i>Remolque en gr\u00faa tipo pluma con underlift<\/a><\/li>\n\t\t<li id=\"premium-nav-menu-item-1310\" class=\"menu-item menu-item-type-post_type menu-item-object-page premium-nav-menu-item premium-sub-menu-item\"><a href=\"https:\/\/gruasperezgpsas.com\/index.php\/transporte-en-camion-tipo-ninera\/\" class=\"premium-menu-link premium-sub-menu-link\"><i class=\"dashicons dashicons-marker premium-sub-item-icon\" style=\"color:#ef7f29\"><\/i>Transporte en cami\u00f3n tipo ni\u00f1era<\/a><\/li>\n\t\t<li id=\"premium-nav-menu-item-1322\" class=\"menu-item menu-item-type-post_type menu-item-object-page premium-nav-menu-item premium-sub-menu-item\"><a href=\"https:\/\/gruasperezgpsas.com\/index.php\/servicio-de-grua-para-motos\/\" class=\"premium-menu-link premium-sub-menu-link\"><i class=\"dashicons dashicons-marker premium-sub-item-icon\" style=\"color:#ef7f29\"><\/i>Servicio de gr\u00faa para motos<\/a><\/li>\n\t<\/ul>\n<\/li>\n\t<li id=\"premium-nav-menu-item-864\" class=\"menu-item menu-item-type-post_type menu-item-object-page menu-item-has-children premium-nav-menu-item premium-sub-menu-item\"><a href=\"https:\/\/gruasperezgpsas.com\/index.php\/servicios-especiales\/\" class=\"premium-menu-link premium-sub-menu-link\"><i class=\"fa fa-circle premium-sub-item-icon\" style=\"color:#ef7f29\"><\/i>Servicios especiales<i class=\"fas fa-angle-right premium-dropdown-icon\"><\/i><\/a>\n\t<ul class=\"premium-sub-menu premium-lq__none\">\n\t\t<li id=\"premium-nav-menu-item-1368\" class=\"menu-item menu-item-type-post_type menu-item-object-page premium-nav-menu-item premium-sub-menu-item\"><a href=\"https:\/\/gruasperezgpsas.com\/index.php\/transporte-de-maquinaria\/\" class=\"premium-menu-link premium-sub-menu-link\"><i class=\"dashicons dashicons-marker premium-sub-item-icon\" style=\"color:#ef7f29\"><\/i>Transporte de maquinaria<\/a><\/li>\n\t\t<li id=\"premium-nav-menu-item-1392\" class=\"menu-item menu-item-type-post_type menu-item-object-page premium-nav-menu-item premium-sub-menu-item\"><a href=\"https:\/\/gruasperezgpsas.com\/index.php\/transporte-de-contenedores\/\" class=\"premium-menu-link premium-sub-menu-link\"><i class=\"dashicons dashicons-marker premium-sub-item-icon\" style=\"color:#ef7f29\"><\/i>Transporte de contenedores<\/a><\/li>\n\t\t<li id=\"premium-nav-menu-item-1433\" class=\"menu-item menu-item-type-post_type menu-item-object-page premium-nav-menu-item premium-sub-menu-item\"><a href=\"https:\/\/gruasperezgpsas.com\/index.php\/transporte-de-carga-en-cama-baja\/\" class=\"premium-menu-link premium-sub-menu-link\"><i class=\"dashicons dashicons-marker premium-sub-item-icon\" style=\"color:#ef7f29\"><\/i>Transporte en cama baja<\/a><\/li>\n\t\t<li id=\"premium-nav-menu-item-1459\" class=\"menu-item menu-item-type-post_type menu-item-object-page premium-nav-menu-item premium-sub-menu-item\"><a href=\"https:\/\/gruasperezgpsas.com\/index.php\/transporte-de-carga-extradimensionada\/\" class=\"premium-menu-link premium-sub-menu-link\"><i class=\"dashicons dashicons-marker premium-sub-item-icon\" style=\"color:#ef7f29\"><\/i>Transporte de carga extradimensionada<\/a><\/li>\n\t<\/ul>\n<\/li>\n\t<li id=\"premium-nav-menu-item-910\" class=\"menu-item menu-item-type-post_type menu-item-object-page premium-nav-menu-item premium-sub-menu-item\"><a href=\"https:\/\/gruasperezgpsas.com\/index.php\/servicios-de-emergencia\/\" class=\"premium-menu-link premium-sub-menu-link\"><i class=\"fa fa-circle premium-sub-item-icon\" style=\"color:#ef7f29\"><\/i>Servicios de emergencia<\/a><\/li>\n\t<li id=\"premium-nav-menu-item-946\" class=\"menu-item menu-item-type-post_type menu-item-object-page premium-nav-menu-item premium-sub-menu-item\"><a href=\"https:\/\/gruasperezgpsas.com\/index.php\/gruas-disponibles\/\" class=\"premium-menu-link premium-sub-menu-link\"><i class=\"fa fa-circle premium-sub-item-icon\" style=\"color:#ef7f29\"><\/i>Gr\u00faas disponibles<\/a><\/li>\n<\/ul>\n<\/li>\n<li id=\"premium-nav-menu-item-45\" class=\"menu-item menu-item-type-post_type menu-item-object-page premium-nav-menu-item\"><a href=\"https:\/\/gruasperezgpsas.com\/index.php\/our-story\/\" class=\"premium-menu-link premium-menu-link-parent premium-lq__none\">Quienes somos<\/a><\/li>\n<li id=\"premium-nav-menu-item-46\" class=\"menu-item menu-item-type-post_type menu-item-object-page premium-nav-menu-item\"><a href=\"https:\/\/gruasperezgpsas.com\/index.php\/contact-us\/\" class=\"premium-menu-link premium-menu-link-parent premium-lq__none\">Cont\u00e1ctenos<\/a><\/li>\n<li id=\"premium-nav-menu-item-1607\" class=\"menu-item menu-item-type-post_type menu-item-object-page premium-nav-menu-item\"><a href=\"https:\/\/gruasperezgpsas.com\/index.php\/blog\/\" class=\"premium-menu-link premium-menu-link-parent premium-lq__none\">Blog<\/a><\/li>\n<\/ul>\t\t\t\t\t\t<\/div>\n\t\t\t\t\t\t\t\t\t\t\t<div class=\"premium-nav-slide-overlay\"><\/div>\n\t\t\t\t\t<div class=\"premium-mobile-menu-outer-container\">\n\t\t\t\t\t\t<div class=\"premium-mobile-menu-close\" role=\"button\" aria-label=\"Close Menu\">\n\t\t\t\t\t\t\t<i aria-hidden=\"true\" class=\"fas fa-times\"><\/i>\t\t\t\t\t\t\t<span class=\"premium-toggle-close\"><\/span>\n\t\t\t\t\t\t<\/div>\n\t\t\t\t\t\t\t\t\t\t\t\t<div class=\"premium-mobile-menu-container\">\n\t\t\t\t\t\t\t\t\t\t\t\t\t\t\t<ul id=\"menu-primary-menu-1\" class=\"premium-mobile-menu premium-main-mobile-menu premium-main-nav-menu\"><li id=\"premium-nav-menu-item-16401\" class=\"menu-item menu-item-type-post_type menu-item-object-page menu-item-home premium-nav-menu-item\"><a href=\"https:\/\/gruasperezgpsas.com\/\" class=\"premium-menu-link premium-menu-link-parent premium-lq__none\">Inicio<\/a><\/li>\n<li id=\"premium-nav-menu-item-472\" class=\"menu-item menu-item-type-post_type menu-item-object-page menu-item-has-children premium-nav-menu-item\"><a href=\"https:\/\/gruasperezgpsas.com\/index.php\/our-services\/\" class=\"premium-menu-link premium-menu-link-parent premium-lq__none\">Nuestros servicios<i class=\"fas fa-angle-down premium-dropdown-icon\"><\/i><\/a>\n<ul class=\"premium-sub-menu premium-lq__none\">\n\t<li id=\"premium-nav-menu-item-6673\" class=\"menu-item menu-item-type-post_type menu-item-object-page premium-nav-menu-item premium-sub-menu-item\"><a href=\"https:\/\/gruasperezgpsas.com\/index.php\/fabricacion-de-gruas-2\/\" class=\"premium-menu-link premium-sub-menu-link\"><i class=\"fa fa-circle premium-sub-item-icon\" style=\"color:#e37f29\"><\/i>Fabricaci\u00f3n de gr\u00faas<\/a><\/li>\n\t<li id=\"premium-nav-menu-item-7354\" class=\"menu-item menu-item-type-post_type menu-item-object-page menu-item-has-children premium-nav-menu-item premium-sub-menu-item\"><a href=\"https:\/\/gruasperezgpsas.com\/index.php\/transporte-de-vehiculos\/\" class=\"premium-menu-link premium-sub-menu-link\"><i class=\"fa fa-circle premium-sub-item-icon\" style=\"color:#ef7f29\"><\/i>Transporte de veh\u00edculos<i class=\"fas fa-angle-right premium-dropdown-icon\"><\/i><\/a>\n\t<ul class=\"premium-sub-menu premium-lq__none\">\n\t\t<li id=\"premium-nav-menu-item-11985\" class=\"menu-item menu-item-type-post_type menu-item-object-page premium-nav-menu-item premium-sub-menu-item\"><a href=\"https:\/\/gruasperezgpsas.com\/index.php\/transporte-nuevos-usados\/\" class=\"premium-menu-link premium-sub-menu-link\"><i class=\"dashicons dashicons-marker premium-sub-item-icon\" style=\"color:#ef7f29\"><\/i>Transporte veh\u00edculos nuevos y usados<\/a><\/li>\n\t\t<li id=\"premium-nav-menu-item-12886\" class=\"menu-item menu-item-type-post_type menu-item-object-page premium-nav-menu-item premium-sub-menu-item\"><a href=\"https:\/\/gruasperezgpsas.com\/index.php\/transporte-grua-tipo-pluma-con-underlift\/\" class=\"premium-menu-link premium-sub-menu-link\"><i class=\"dashicons dashicons-marker premium-sub-item-icon\" style=\"color:#ef7f29\"><\/i>Remolque en gr\u00faa tipo pluma con underlift<\/a><\/li>\n\t\t<li id=\"premium-nav-menu-item-13107\" class=\"menu-item menu-item-type-post_type menu-item-object-page premium-nav-menu-item premium-sub-menu-item\"><a href=\"https:\/\/gruasperezgpsas.com\/index.php\/transporte-en-camion-tipo-ninera\/\" class=\"premium-menu-link premium-sub-menu-link\"><i class=\"dashicons dashicons-marker premium-sub-item-icon\" style=\"color:#ef7f29\"><\/i>Transporte en cami\u00f3n tipo ni\u00f1era<\/a><\/li>\n\t\t<li id=\"premium-nav-menu-item-13228\" class=\"menu-item menu-item-type-post_type menu-item-object-page premium-nav-menu-item premium-sub-menu-item\"><a href=\"https:\/\/gruasperezgpsas.com\/index.php\/servicio-de-grua-para-motos\/\" class=\"premium-menu-link premium-sub-menu-link\"><i class=\"dashicons dashicons-marker premium-sub-item-icon\" style=\"color:#ef7f29\"><\/i>Servicio de gr\u00faa para motos<\/a><\/li>\n\t<\/ul>\n<\/li>\n\t<li id=\"premium-nav-menu-item-8649\" class=\"menu-item menu-item-type-post_type menu-item-object-page menu-item-has-children premium-nav-menu-item premium-sub-menu-item\"><a href=\"https:\/\/gruasperezgpsas.com\/index.php\/servicios-especiales\/\" class=\"premium-menu-link premium-sub-menu-link\"><i class=\"fa fa-circle premium-sub-item-icon\" style=\"color:#ef7f29\"><\/i>Servicios especiales<i class=\"fas fa-angle-right premium-dropdown-icon\"><\/i><\/a>\n\t<ul class=\"premium-sub-menu premium-lq__none\">\n\t\t<li id=\"premium-nav-menu-item-136810\" class=\"menu-item menu-item-type-post_type menu-item-object-page premium-nav-menu-item premium-sub-menu-item\"><a href=\"https:\/\/gruasperezgpsas.com\/index.php\/transporte-de-maquinaria\/\" class=\"premium-menu-link premium-sub-menu-link\"><i class=\"dashicons dashicons-marker premium-sub-item-icon\" style=\"color:#ef7f29\"><\/i>Transporte de maquinaria<\/a><\/li>\n\t\t<li id=\"premium-nav-menu-item-139211\" class=\"menu-item menu-item-type-post_type menu-item-object-page premium-nav-menu-item premium-sub-menu-item\"><a href=\"https:\/\/gruasperezgpsas.com\/index.php\/transporte-de-contenedores\/\" class=\"premium-menu-link premium-sub-menu-link\"><i class=\"dashicons dashicons-marker premium-sub-item-icon\" style=\"color:#ef7f29\"><\/i>Transporte de contenedores<\/a><\/li>\n\t\t<li id=\"premium-nav-menu-item-143312\" class=\"menu-item menu-item-type-post_type menu-item-object-page premium-nav-menu-item premium-sub-menu-item\"><a href=\"https:\/\/gruasperezgpsas.com\/index.php\/transporte-de-carga-en-cama-baja\/\" class=\"premium-menu-link premium-sub-menu-link\"><i class=\"dashicons dashicons-marker premium-sub-item-icon\" style=\"color:#ef7f29\"><\/i>Transporte en cama baja<\/a><\/li>\n\t\t<li id=\"premium-nav-menu-item-145913\" class=\"menu-item menu-item-type-post_type menu-item-object-page premium-nav-menu-item premium-sub-menu-item\"><a href=\"https:\/\/gruasperezgpsas.com\/index.php\/transporte-de-carga-extradimensionada\/\" class=\"premium-menu-link premium-sub-menu-link\"><i class=\"dashicons dashicons-marker premium-sub-item-icon\" style=\"color:#ef7f29\"><\/i>Transporte de carga extradimensionada<\/a><\/li>\n\t<\/ul>\n<\/li>\n\t<li id=\"premium-nav-menu-item-91014\" class=\"menu-item menu-item-type-post_type menu-item-object-page premium-nav-menu-item premium-sub-menu-item\"><a href=\"https:\/\/gruasperezgpsas.com\/index.php\/servicios-de-emergencia\/\" class=\"premium-menu-link premium-sub-menu-link\"><i class=\"fa fa-circle premium-sub-item-icon\" style=\"color:#ef7f29\"><\/i>Servicios de emergencia<\/a><\/li>\n\t<li id=\"premium-nav-menu-item-94615\" class=\"menu-item menu-item-type-post_type menu-item-object-page premium-nav-menu-item premium-sub-menu-item\"><a href=\"https:\/\/gruasperezgpsas.com\/index.php\/gruas-disponibles\/\" class=\"premium-menu-link premium-sub-menu-link\"><i class=\"fa fa-circle premium-sub-item-icon\" style=\"color:#ef7f29\"><\/i>Gr\u00faas disponibles<\/a><\/li>\n<\/ul>\n<\/li>\n<li id=\"premium-nav-menu-item-4516\" class=\"menu-item menu-item-type-post_type menu-item-object-page premium-nav-menu-item\"><a href=\"https:\/\/gruasperezgpsas.com\/index.php\/our-story\/\" class=\"premium-menu-link premium-menu-link-parent premium-lq__none\">Quienes somos<\/a><\/li>\n<li id=\"premium-nav-menu-item-4617\" class=\"menu-item menu-item-type-post_type menu-item-object-page premium-nav-menu-item\"><a href=\"https:\/\/gruasperezgpsas.com\/index.php\/contact-us\/\" class=\"premium-menu-link premium-menu-link-parent premium-lq__none\">Cont\u00e1ctenos<\/a><\/li>\n<li id=\"premium-nav-menu-item-160718\" class=\"menu-item menu-item-type-post_type menu-item-object-page premium-nav-menu-item\"><a href=\"https:\/\/gruasperezgpsas.com\/index.php\/blog\/\" class=\"premium-menu-link premium-menu-link-parent premium-lq__none\">Blog<\/a><\/li>\n<\/ul>\t\t\t\t\t\t\t\t\t\t\t\t\t\t<\/div>\n\t\t\t\t\t\t<\/div>\t\t\t\t<\/div>\n\t\t\t<\/div>\n\t\t\t\t\t\t\t<\/div>\n\t\t\t\t<\/div>\n\t\t\t\t\t<\/div>\n\t\t\t\t<\/div>\n\t\t<div class=\"elementor-element elementor-element-39e86c8 e-flex e-con-boxed e-con e-parent\" data-id=\"39e86c8\" data-element_type=\"container\" data-e-type=\"container\">\n\t\t\t\t\t<div class=\"e-con-inner\">\n\t\t\t\t<div class=\"elementor-element elementor-element-1f5bfe7 elementor-widget elementor-widget-heading\" data-id=\"1f5bfe7\" data-element_type=\"widget\" data-e-type=\"widget\" data-widget_type=\"heading.default\">\n\t\t\t\t<div class=\"elementor-widget-container\">\n\t\t\t\t\t<h1 class=\"elementor-heading-title elementor-size-default\">Bienvenid@ al Blog de Gr\u00faas P\u00e9rez: Aqu\u00ed encontrar\u00e1s noticias sobre nuestra compa\u00f1\u00eda e informaci\u00f3n valiosa  acerca de la industria de las gr\u00faas en Colombia.<\/h1>\t\t\t\t<\/div>\n\t\t\t\t<\/div>\n\t\t\t\t<div class=\"elementor-element elementor-element-b45a03b elementor-widget elementor-widget-text-editor\" data-id=\"b45a03b\" data-element_type=\"widget\" data-e-type=\"widget\" data-widget_type=\"text-editor.default\">\n\t\t\t\t<div class=\"elementor-widget-container\">\n\t\t\t\t\t\t\t\t\t<p>En nuestro blog, encontrar\u00e1s informaci\u00f3n \u00fatil, consejos pr\u00e1cticos y noticias relevantes sobre transporte, log\u00edstica, maquinaria pesada y mucho m\u00e1s. Nuestro objetivo es mantenerte informado y ayudarte a entender todo lo que necesitas saber para garantizar un transporte seguro y eficiente de tus mercanc\u00edas y maquinaria.<\/p><p>Explora nuestros art\u00edculos y descubre c\u00f3mo podemos ayudarte a simplificar tus necesidades de transporte, ya sea para veh\u00edculos, maquinaria pesada, carga extradimensionada o cualquier otra necesidad log\u00edstica que tengas. \u00a1Gracias por visitar nuestro blog y esperamos que encuentres la informaci\u00f3n que est\u00e1s buscando!<\/p>\t\t\t\t\t\t\t\t<\/div>\n\t\t\t\t<\/div>\n\t\t\t\t<div class=\"elementor-element elementor-element-7335c0a elementor-widget elementor-widget-shortcode\" data-id=\"7335c0a\" data-element_type=\"widget\" data-e-type=\"widget\" data-widget_type=\"shortcode.default\">\n\t\t\t\t<div class=\"elementor-widget-container\">\n\t\t\t\t\t\t\t<div class=\"elementor-shortcode\"><div class=\"bdpp-wrap bdpp-lite bdpp-post-grid-wrap bdpp-post-data-wrap bdpp-design-1 bdpp-grid-3  bdpp-clearfix\" id=\"bdpp-post-grid-1\">\r\n\t<div class=\"bdpp-post-grid-inr-wrap bdpp-post-data-inr-wrap bdpp-clearfix\"><div class=\"bdpp-post-grid bdpp-col-3 bdpp-columns bdpp-post-1551 bdpp-post-standard bdpp-first bdpp-has-thumb\">\r\n\t<div class=\"bdpp-post-grid-content\">\r\n\t\t\t\t<div class=\"bdpp-post-img-bg\">\r\n\t\t\t<a href=\"https:\/\/gruasperezgpsas.com\/index.php\/2024\/04\/22\/beneficios-del-transporte-en-cama-baja-para-maquinaria-pesada\/\">\r\n\t\t\t\t<img decoding=\"async\" src=\"https:\/\/gruasperezgpsas.com\/wp-content\/uploads\/2024\/04\/Cama-baja-blog-300x226.webp\" class=\"bdpp-img bdpp-post-feat-img\" alt=\"Beneficios del Transporte en Cama Baja para Maquinaria Pesada\" \/>\r\n\t\t\t\t\t\t\t<\/a>\r\n\t\t<\/div>\r\n\t\t\r\n\t\t<h2 class=\"bdpp-post-title\">\r\n\t\t\t<a href=\"https:\/\/gruasperezgpsas.com\/index.php\/2024\/04\/22\/beneficios-del-transporte-en-cama-baja-para-maquinaria-pesada\/\">Beneficios del Transporte en Cama Baja para Maquinaria Pesada<\/a>\r\n\t\t<\/h2>\r\n\r\n\t\t\t\t<div class=\"bdpp-post-meta bdpp-post-meta-up\">\r\n\t\t\t<span class=\"bdpp-post-meta-data bdpp-post-author\"><i class=\"fa fa-user\"><\/i>Gruasperezgpsas.com<\/span><span class=\"bdpp-post-meta-sep\"> &ndash; <\/span><span class=\"bdpp-post-meta-data bdpp-post-date\"><i class=\"fa fa-clock-o\"><\/i>22 April, 2024<\/span>\t\t<\/div>\r\n\t\t\t\t<div class=\"bdpp-post-content\">\r\n\t\t\t<div class=\"bdpp-post-desc\">En esta entrada de blog, exploraremos los beneficios del transporte en cama baja para maquinaria pesada y por qu\u00e9 es...<\/div>\r\n\t\t\t\t\t<\/div>\r\n\t\t\t<\/div>\r\n<\/div><div class=\"bdpp-post-grid bdpp-col-3 bdpp-columns bdpp-post-1511 bdpp-post-standard bdpp-has-thumb\">\r\n\t<div class=\"bdpp-post-grid-content\">\r\n\t\t\t\t<div class=\"bdpp-post-img-bg\">\r\n\t\t\t<a href=\"https:\/\/gruasperezgpsas.com\/index.php\/2024\/04\/22\/consejos-para-el-transporte-seguro-de-tu-vehiculo-en-grua\/\">\r\n\t\t\t\t<img decoding=\"async\" src=\"https:\/\/gruasperezgpsas.com\/wp-content\/uploads\/2024\/04\/Galeria-nuevos-usados-9-1-300x226.webp\" class=\"bdpp-img bdpp-post-feat-img\" alt=\"Consejos para el transporte seguro de tu veh\u00edculo en gr\u00faa\" \/>\r\n\t\t\t\t\t\t\t<\/a>\r\n\t\t<\/div>\r\n\t\t\r\n\t\t<h2 class=\"bdpp-post-title\">\r\n\t\t\t<a href=\"https:\/\/gruasperezgpsas.com\/index.php\/2024\/04\/22\/consejos-para-el-transporte-seguro-de-tu-vehiculo-en-grua\/\">Consejos para el transporte seguro de tu veh\u00edculo en gr\u00faa<\/a>\r\n\t\t<\/h2>\r\n\r\n\t\t\t\t<div class=\"bdpp-post-meta bdpp-post-meta-up\">\r\n\t\t\t<span class=\"bdpp-post-meta-data bdpp-post-author\"><i class=\"fa fa-user\"><\/i>Gruasperezgpsas.com<\/span><span class=\"bdpp-post-meta-sep\"> &ndash; <\/span><span class=\"bdpp-post-meta-data bdpp-post-date\"><i class=\"fa fa-clock-o\"><\/i>22 April, 2024<\/span>\t\t<\/div>\r\n\t\t\t\t<div class=\"bdpp-post-content\">\r\n\t\t\t<div class=\"bdpp-post-desc\">Si necesitas transportar tu veh\u00edculo en gr\u00faa, es importante seguir algunos consejos para garantizar su seguridad durante el proceso.<\/div>\r\n\t\t\t\t\t<\/div>\r\n\t\t\t<\/div>\r\n<\/div>\t<\/div>\r\n\t<\/div><\/div>\n\t\t\t\t\t\t<\/div>\n\t\t\t\t<\/div>\n\t\t\t\t\t<\/div>\n\t\t\t\t<\/div>\n\t\t\t\t<\/div>\n\t\t","protected":false},"excerpt":{"rendered":"<p>Men\u00fa Inicio Nuestros servicios Fabricaci\u00f3n de gr\u00faas Transporte de veh\u00edculos Transporte veh\u00edculos nuevos y usados Remolque en gr\u00faa tipo pluma con underlift Transporte en cami\u00f3n tipo ni\u00f1era Servicio de gr\u00faa para motos Servicios especiales Transporte de maquinaria Transporte de contenedores Transporte en cama baja Transporte de carga extradimensionada Servicios de emergencia Gr\u00faas disponibles Quienes somos [&hellip;]<\/p>\n","protected":false},"author":1,"featured_media":43,"parent":0,"menu_order":0,"comment_status":"closed","ping_status":"closed","template":"elementor_header_footer","meta":{"footnotes":""},"class_list":["post-1602","page","type-page","status-publish","has-post-thumbnail","hentry"],"_links":{"self":[{"href":"https:\/\/gruasperezgpsas.com\/index.php\/wp-json\/wp\/v2\/pages\/1602","targetHints":{"allow":["GET"]}}],"collection":[{"href":"https:\/\/gruasperezgpsas.com\/index.php\/wp-json\/wp\/v2\/pages"}],"about":[{"href":"https:\/\/gruasperezgpsas.com\/index.php\/wp-json\/wp\/v2\/types\/page"}],"author":[{"embeddable":true,"href":"https:\/\/gruasperezgpsas.com\/index.php\/wp-json\/wp\/v2\/users\/1"}],"replies":[{"embeddable":true,"href":"https:\/\/gruasperezgpsas.com\/index.php\/wp-json\/wp\/v2\/comments?post=1602"}],"version-history":[{"count":25,"href":"https:\/\/gruasperezgpsas.com\/index.php\/wp-json\/wp\/v2\/pages\/1602\/revisions"}],"predecessor-version":[{"id":1661,"href":"https:\/\/gruasperezgpsas.com\/index.php\/wp-json\/wp\/v2\/pages\/1602\/revisions\/1661"}],"wp:featuredmedia":[{"embeddable":true,"href":"https:\/\/gruasperezgpsas.com\/index.php\/wp-json\/wp\/v2\/media\/43"}],"wp:attachment":[{"href":"https:\/\/gruasperezgpsas.com\/index.php\/wp-json\/wp\/v2\/media?parent=1602"}],"curies":[{"name":"wp","href":"https:\/\/api.w.org\/{rel}","templated":true}]}}